{"id":2402,"date":"2022-11-03T13:45:59","date_gmt":"2022-11-03T12:45:59","guid":{"rendered":"https:\/\/www2.uffective.com\/multi-cloud\/"},"modified":"2026-03-30T19:27:37","modified_gmt":"2026-03-30T17:27:37","slug":"multi-cloud","status":"publish","type":"page","link":"https:\/\/www.uffective.com\/de\/multi-cloud\/","title":{"rendered":"Multi-Cloud"},"content":{"rendered":"\t\t<div data-elementor-type=\"wp-page\" data-elementor-id=\"2402\" class=\"elementor elementor-2402 elementor-933\" data-elementor-post-type=\"page\">\n\t\t\t\t\t\t<section class=\"elementor-section elementor-top-section elementor-element elementor-element-3d49b02 elementor-section-boxed elementor-section-height-default elementor-section-height-default\" data-id=\"3d49b02\" data-element_type=\"section\" data-e-type=\"section\">\n\t\t\t\t\t\t<div class=\"elementor-container elementor-column-gap-default\">\n\t\t\t\t\t<div class=\"elementor-column elementor-col-100 elementor-top-column elementor-element elementor-element-46a9a9c\" data-id=\"46a9a9c\" data-element_type=\"column\" data-e-type=\"column\">\n\t\t\t<div class=\"elementor-widget-wrap elementor-element-populated\">\n\t\t\t\t\t\t<div class=\"elementor-element elementor-element-e1274b3 elementor-widget elementor-widget-image\" data-id=\"e1274b3\" data-element_type=\"widget\" data-e-type=\"widget\" data-widget_type=\"image.default\">\n\t\t\t\t<div class=\"elementor-widget-container\">\n\t\t\t\t\t\t\t\t\t\t\t\t\t\t\t<img decoding=\"async\" width=\"800\" height=\"450\" src=\"\/wp-content\/uploads\/2022\/11\/MicrosoftTeams-image-12-1024x576.png\" class=\"attachment-large size-large wp-image-1172\" alt=\"\" srcset=\"\/wp-content\/uploads\/2022\/11\/MicrosoftTeams-image-12-1024x576.png 1024w, \/wp-content\/uploads\/2022\/11\/MicrosoftTeams-image-12-300x169.png 300w, \/wp-content\/uploads\/2022\/11\/MicrosoftTeams-image-12-768x432.png 768w, \/wp-content\/uploads\/2022\/11\/MicrosoftTeams-image-12-1536x864.png 1536w, \/wp-content\/uploads\/2022\/11\/MicrosoftTeams-image-12-2048x1152.png 2048w\" sizes=\"(max-width: 800px) 100vw, 800px\" \/>\t\t\t\t\t\t\t\t\t\t\t\t\t\t\t<\/div>\n\t\t\t\t<\/div>\n\t\t\t\t<div class=\"elementor-element elementor-element-f00a164 elementor-widget elementor-widget-heading\" data-id=\"f00a164\" data-element_type=\"widget\" data-e-type=\"widget\" data-widget_type=\"heading.default\">\n\t\t\t\t<div class=\"elementor-widget-container\">\n\t\t\t\t\t<h2 class=\"elementor-heading-title elementor-size-default\">Uffective vernetzte Multi-Cloud<\/h2>\t\t\t\t<\/div>\n\t\t\t\t<\/div>\n\t\t\t\t<div class=\"elementor-element elementor-element-71d1e27 elementor-widget elementor-widget-text-editor\" data-id=\"71d1e27\" data-element_type=\"widget\" data-e-type=\"widget\" data-widget_type=\"text-editor.default\">\n\t\t\t\t<div class=\"elementor-widget-container\">\n\t\t\t\t\t\t\t\t\t<p><span style=\"font-weight: bold; text-align: justify;\">Unsere Kunden unternehmen gro\u00dfe Anstrengungen, um Prozesse zu digitalisieren <\/span><span style=\"color: var( --e-global-color-text ); font-family: var( --e-global-typography-text-font-family ), Sans-serif; font-size: var( --e-global-typography-text-font-size ); font-style: var( --e-global-typography-text-font-style ); letter-spacing: var( --e-global-typography-text-letter-spacing ); text-transform: var( --e-global-typography-text-text-transform ); word-spacing: var( --e-global-typography-text-word-spacing ); text-decoration: var( --e-global-typography-text-text-decoration ); font-weight: bold; text-align: justify;\">und so die <br \/>Wertsch\u00f6pfung ihres Unternehmens zu erh\u00f6hen.<\/span><span style=\"color: var( --e-global-color-text ); font-family: var( --e-global-typography-text-font-family ), Sans-serif; font-size: var( --e-global-typography-text-font-size ); font-style: var( --e-global-typography-text-font-style ); letter-spacing: var( --e-global-typography-text-letter-spacing ); text-transform: var( --e-global-typography-text-text-transform ); word-spacing: var( --e-global-typography-text-word-spacing ); text-decoration: var( --e-global-typography-text-text-decoration ); text-align: justify;\"> <\/span><\/p>\n<p><span style=\"color: var( --e-global-color-text ); font-family: var( --e-global-typography-text-font-family ), Sans-serif; font-size: var( --e-global-typography-text-font-size ); font-style: var( --e-global-typography-text-font-style ); letter-spacing: var( --e-global-typography-text-letter-spacing ); text-align: justify; text-transform: var( --e-global-typography-text-text-transform ); word-spacing: var( --e-global-typography-text-word-spacing ); background-color: var( --e-global-color-c696dce ); text-decoration: var( --e-global-typography-text-text-decoration );\">Immer mehr Prozesse sowie einsame und isolierte Datenbest\u00e4nde in ineffizienten Tabellenkalkulationen,<br \/><\/span><span style=\"color: var( --e-global-color-text ); font-family: var( --e-global-typography-text-font-family ), Sans-serif; font-size: var( --e-global-typography-text-font-size ); font-style: var( --e-global-typography-text-font-style ); letter-spacing: var( --e-global-typography-text-letter-spacing ); text-align: justify; text-transform: var( --e-global-typography-text-text-transform ); word-spacing: var( --e-global-typography-text-word-spacing ); background-color: var( --e-global-color-c696dce ); text-decoration: var( --e-global-typography-text-text-decoration );\">lange E-Mail-Konversationen oder Ordnerstrukturen mit Freigabepunkten werden integriert, wenn sie<br \/> in die Uffective Cloud Collaboration and Processing Engine \u00fcbertragen werden.<\/span><\/p>\n\t\t\t\t\t\t\t\t<\/div>\n\t\t\t\t<\/div>\n\t\t\t\t<div class=\"elementor-element elementor-element-dc7fcd9 elementor-widget elementor-widget-spacer\" data-id=\"dc7fcd9\" data-element_type=\"widget\" data-e-type=\"widget\" data-widget_type=\"spacer.default\">\n\t\t\t\t<div class=\"elementor-widget-container\">\n\t\t\t\t\t\t\t<div class=\"elementor-spacer\">\n\t\t\t<div class=\"elementor-spacer-inner\"><\/div>\n\t\t<\/div>\n\t\t\t\t\t\t<\/div>\n\t\t\t\t<\/div>\n\t\t\t\t\t<\/div>\n\t\t<\/div>\n\t\t\t\t\t<\/div>\n\t\t<\/section>\n\t\t\t\t<section class=\"elementor-section elementor-top-section elementor-element elementor-element-c30cd05 elementor-section-boxed elementor-section-height-default elementor-section-height-default\" data-id=\"c30cd05\" data-element_type=\"section\" data-e-type=\"section\" data-settings=\"{&quot;background_background&quot;:&quot;classic&quot;}\">\n\t\t\t\t\t\t<div class=\"elementor-container elementor-column-gap-default\">\n\t\t\t\t\t<div class=\"elementor-column elementor-col-66 elementor-top-column elementor-element elementor-element-bfac842\" data-id=\"bfac842\" data-element_type=\"column\" data-e-type=\"column\">\n\t\t\t<div class=\"elementor-widget-wrap elementor-element-populated\">\n\t\t\t\t\t\t<div class=\"elementor-element elementor-element-b2d2175 elementor-widget elementor-widget-text-editor\" data-id=\"b2d2175\" data-element_type=\"widget\" data-e-type=\"widget\" data-widget_type=\"text-editor.default\">\n\t\t\t\t<div class=\"elementor-widget-container\">\n\t\t\t\t\t\t\t\t\t<div>\n<div data-rtl=\"false\" data-row-effect-mobile-disable=\"true\">\n<div>\n<div>\n<div>\n<div>\n<div>\n<p>&#8222;Unternehmen digitalisieren schon seit Jahren ihre Gesch\u00e4ftsprozesse&#8220;, erkl\u00e4rt Mark van der Pas, Gesch\u00e4ftsf\u00fchrer bei Uffective.<\/p>\n<\/div>\n<\/div>\n<\/div>\n<\/div>\n<\/div>\n<\/div>\n<div data-rtl=\"false\" data-row-effect-mobile-disable=\"true\">\n<div>\n<div>\n<div>&#8222;Die meisten unserer Kunden haben uns jedoch aufgefordert, sie beim n\u00e4chsten Schritt der Digitalisierung zu unterst\u00fctzen, indem wir relevante Datenpunkte aus verschiedenen funktionalen Tools in einem zentralen Datenspeicher integrieren. Der Speicher wird dann zur Unterst\u00fctzung der Entscheidungsfindung durch fortschrittliche Gesch\u00e4ftsanalysen und maschinelles Lernen verwendet. Und genau das haben wir mit Uffective Connected Multi-Cloud erreicht.<\/div>\n<\/div>\n<\/div>\n<\/div>\n<\/div>\n\t\t\t\t\t\t\t\t<\/div>\n\t\t\t\t<\/div>\n\t\t\t\t\t<\/div>\n\t\t<\/div>\n\t\t\t\t<div class=\"elementor-column elementor-col-33 elementor-top-column elementor-element elementor-element-df5b519\" data-id=\"df5b519\" data-element_type=\"column\" data-e-type=\"column\">\n\t\t\t<div class=\"elementor-widget-wrap elementor-element-populated\">\n\t\t\t\t\t\t<div class=\"elementor-element elementor-element-606474b elementor-widget elementor-widget-image\" data-id=\"606474b\" data-element_type=\"widget\" data-e-type=\"widget\" data-widget_type=\"image.default\">\n\t\t\t\t<div class=\"elementor-widget-container\">\n\t\t\t\t\t\t\t\t\t\t\t\t\t\t\t<img decoding=\"async\" width=\"300\" height=\"300\" src=\"\/wp-content\/uploads\/2022\/11\/Vision-of-Uffective-modified-300x300.png\" class=\"attachment-medium size-medium wp-image-1198\" alt=\"\" srcset=\"\/wp-content\/uploads\/2022\/11\/Vision-of-Uffective-modified-300x300.png 300w, \/wp-content\/uploads\/2022\/11\/Vision-of-Uffective-modified-1024x1024.png 1024w, \/wp-content\/uploads\/2022\/11\/Vision-of-Uffective-modified-150x150.png 150w, \/wp-content\/uploads\/2022\/11\/Vision-of-Uffective-modified-768x768.png 768w, \/wp-content\/uploads\/2022\/11\/Vision-of-Uffective-modified.png 1092w\" sizes=\"(max-width: 300px) 100vw, 300px\" \/>\t\t\t\t\t\t\t\t\t\t\t\t\t\t\t<\/div>\n\t\t\t\t<\/div>\n\t\t\t\t\t<\/div>\n\t\t<\/div>\n\t\t\t\t\t<\/div>\n\t\t<\/section>\n\t\t\t\t<section class=\"elementor-section elementor-top-section elementor-element elementor-element-12620f6 elementor-section-boxed elementor-section-height-default elementor-section-height-default\" data-id=\"12620f6\" data-element_type=\"section\" data-e-type=\"section\">\n\t\t\t\t\t\t<div class=\"elementor-container elementor-column-gap-default\">\n\t\t\t\t\t<div class=\"elementor-column elementor-col-100 elementor-top-column elementor-element elementor-element-dd1006b\" data-id=\"dd1006b\" data-element_type=\"column\" data-e-type=\"column\">\n\t\t\t<div class=\"elementor-widget-wrap elementor-element-populated\">\n\t\t\t\t\t\t<div class=\"elementor-element elementor-element-815cf6f elementor-widget elementor-widget-spacer\" data-id=\"815cf6f\" data-element_type=\"widget\" data-e-type=\"widget\" data-widget_type=\"spacer.default\">\n\t\t\t\t<div class=\"elementor-widget-container\">\n\t\t\t\t\t\t\t<div class=\"elementor-spacer\">\n\t\t\t<div class=\"elementor-spacer-inner\"><\/div>\n\t\t<\/div>\n\t\t\t\t\t\t<\/div>\n\t\t\t\t<\/div>\n\t\t\t\t<div class=\"elementor-element elementor-element-f8477f3 elementor-widget elementor-widget-heading\" data-id=\"f8477f3\" data-element_type=\"widget\" data-e-type=\"widget\" data-widget_type=\"heading.default\">\n\t\t\t\t<div class=\"elementor-widget-container\">\n\t\t\t\t\t<h2 class=\"elementor-heading-title elementor-size-default\">M\u00f6chten Sie dies anhand eines Beispiels <br>transparenter machen?<\/h2>\t\t\t\t<\/div>\n\t\t\t\t<\/div>\n\t\t\t\t<div class=\"elementor-element elementor-element-e0cfc19 elementor-widget elementor-widget-text-editor\" data-id=\"e0cfc19\" data-element_type=\"widget\" data-e-type=\"widget\" data-widget_type=\"text-editor.default\">\n\t\t\t\t<div class=\"elementor-widget-container\">\n\t\t\t\t\t\t\t\t\t<p>Auf geht&#8217;s!<\/p>\n\t\t\t\t\t\t\t\t<\/div>\n\t\t\t\t<\/div>\n\t\t\t\t\t<\/div>\n\t\t<\/div>\n\t\t\t\t\t<\/div>\n\t\t<\/section>\n\t\t\t\t<section class=\"elementor-section elementor-top-section elementor-element elementor-element-7844096 elementor-section-boxed elementor-section-height-default elementor-section-height-default\" data-id=\"7844096\" data-element_type=\"section\" data-e-type=\"section\">\n\t\t\t\t\t\t<div class=\"elementor-container elementor-column-gap-default\">\n\t\t\t\t\t<div class=\"elementor-column elementor-col-100 elementor-top-column elementor-element elementor-element-d70af97\" data-id=\"d70af97\" data-element_type=\"column\" data-e-type=\"column\">\n\t\t\t<div class=\"elementor-widget-wrap elementor-element-populated\">\n\t\t\t\t\t\t<div class=\"elementor-element elementor-element-d5ef1bc elementor-widget elementor-widget-text-editor\" data-id=\"d5ef1bc\" data-element_type=\"widget\" data-e-type=\"widget\" data-widget_type=\"text-editor.default\">\n\t\t\t\t<div class=\"elementor-widget-container\">\n\t\t\t\t\t\t\t\t\t<p>Nehmen wir an, Sie nutzen Uffective, um die Budgets Ihrer agilen Umgebung wie Value-Streams, EPICs, Capabilities und Features zu steuern und zu verwalten. User-Stories, IT-Ticketing und Software-Tests werden in JIRA von Atlassian oder Azure DevOps von Microsoft durchgef\u00fchrt. Relevante Budgetinformationen wie Projektplanwerte und Istwerte werden in SAP gehalten. \u00dcber standardisierte REST-APIs tauscht Uffective diese Datens\u00e4tze bidirektional mit JIRA oder DevOps aus, ebenso wie mit SAP, um Effizienz, Transparenz und Datenqualit\u00e4t zu steigern.<\/p>\n<p style=\"text-align: justify;\"><span style=\"font-weight: bold;\">Unsere neue Uffective Connected Multicloud erm\u00f6glicht Ihnen die Wiederverwendung dieser bestehenden Datenpunkte in einer \u00f6ffentlichen Cloud wie Azure oder AWS oder Ihrer dedizierten privaten Daten-Cloud vor Ort. Dar\u00fcber hinaus k\u00f6nnen Sie Uffective&#8217;s eingebautes maschinelles Lernen oder BI-Tools sowie Ihre bestehenden BI-Tools wie Power BI oder Tableau f\u00fcr weitere Datenanalysen nutzen.<\/span><\/p>\n\t\t\t\t\t\t\t\t<\/div>\n\t\t\t\t<\/div>\n\t\t\t\t\t<\/div>\n\t\t<\/div>\n\t\t\t\t\t<\/div>\n\t\t<\/section>\n\t\t\t\t<section class=\"elementor-section elementor-top-section elementor-element elementor-element-f35eddd elementor-section-boxed elementor-section-height-default elementor-section-height-default\" data-id=\"f35eddd\" data-element_type=\"section\" data-e-type=\"section\" data-settings=\"{&quot;background_background&quot;:&quot;classic&quot;}\">\n\t\t\t\t\t\t<div class=\"elementor-container elementor-column-gap-default\">\n\t\t\t\t\t<div class=\"elementor-column elementor-col-33 elementor-top-column elementor-element elementor-element-4f8c582\" data-id=\"4f8c582\" data-element_type=\"column\" data-e-type=\"column\">\n\t\t\t<div class=\"elementor-widget-wrap elementor-element-populated\">\n\t\t\t\t\t\t<div class=\"elementor-element elementor-element-0925531 elementor-widget elementor-widget-image\" data-id=\"0925531\" data-element_type=\"widget\" data-e-type=\"widget\" data-widget_type=\"image.default\">\n\t\t\t\t<div class=\"elementor-widget-container\">\n\t\t\t\t\t\t\t\t\t\t\t\t\t\t\t<img decoding=\"async\" width=\"300\" height=\"300\" src=\"\/wp-content\/uploads\/2022\/11\/Mark_digital_transformation-300x300.png\" class=\"attachment-medium size-medium wp-image-1917\" alt=\"\" srcset=\"\/wp-content\/uploads\/2022\/11\/Mark_digital_transformation.png 300w, \/wp-content\/uploads\/2022\/11\/Mark_digital_transformation-150x150.png 150w\" sizes=\"(max-width: 300px) 100vw, 300px\" \/>\t\t\t\t\t\t\t\t\t\t\t\t\t\t\t<\/div>\n\t\t\t\t<\/div>\n\t\t\t\t\t<\/div>\n\t\t<\/div>\n\t\t\t\t<div class=\"elementor-column elementor-col-66 elementor-top-column elementor-element elementor-element-164f829\" data-id=\"164f829\" data-element_type=\"column\" data-e-type=\"column\">\n\t\t\t<div class=\"elementor-widget-wrap elementor-element-populated\">\n\t\t\t\t\t\t<div class=\"elementor-element elementor-element-02f26ce elementor-widget elementor-widget-text-editor\" data-id=\"02f26ce\" data-element_type=\"widget\" data-e-type=\"widget\" data-widget_type=\"text-editor.default\">\n\t\t\t\t<div class=\"elementor-widget-container\">\n\t\t\t\t\t\t\t\t\t<p>&#8222;Unsere Kernmotivation ist es, die Qualit\u00e4t und Geschwindigkeit von Unternehmensentscheidungen zu erh\u00f6hen, indem wir unsere Kunden in die Lage versetzen, in ihrem Interesse die vorhandenen Daten zu nutzen, um die Leistung zu steigern. Das ist es, was Uffective bieten will und was wir mit Uffective Connected Multi-Cloud auf den Markt gebracht haben&#8220;, schlie\u00dft Mark van der Pas.<\/p>\n\t\t\t\t\t\t\t\t<\/div>\n\t\t\t\t<\/div>\n\t\t\t\t\t<\/div>\n\t\t<\/div>\n\t\t\t\t\t<\/div>\n\t\t<\/section>\n\t\t\t\t<section class=\"elementor-section elementor-top-section elementor-element elementor-element-033ad96 elementor-section-boxed elementor-section-height-default elementor-section-height-default\" data-id=\"033ad96\" data-element_type=\"section\" data-e-type=\"section\" data-settings=\"{&quot;background_background&quot;:&quot;classic&quot;}\">\n\t\t\t\t\t\t<div class=\"elementor-container elementor-column-gap-default\">\n\t\t\t\t\t<div class=\"elementor-column elementor-col-100 elementor-top-column elementor-element elementor-element-98c8093\" data-id=\"98c8093\" data-element_type=\"column\" data-e-type=\"column\">\n\t\t\t<div class=\"elementor-widget-wrap elementor-element-populated\">\n\t\t\t\t\t\t<div class=\"elementor-element elementor-element-a7a138b elementor-widget elementor-widget-heading\" data-id=\"a7a138b\" data-element_type=\"widget\" data-e-type=\"widget\" data-widget_type=\"heading.default\">\n\t\t\t\t<div class=\"elementor-widget-container\">\n\t\t\t\t\t<h2 class=\"elementor-heading-title elementor-size-default\">Probieren Sie es aus!<\/h2>\t\t\t\t<\/div>\n\t\t\t\t<\/div>\n\t\t\t\t<div class=\"elementor-element elementor-element-954c747 elementor-widget elementor-widget-text-editor\" data-id=\"954c747\" data-element_type=\"widget\" data-e-type=\"widget\" data-widget_type=\"text-editor.default\">\n\t\t\t\t<div class=\"elementor-widget-container\">\n\t\t\t\t\t\t\t\t\t<p>Holen Sie sich unsere kostenlose Demo und \u00fcberzeugen Sie sich selbst.<br \/><strong>Nur ein Klick entfernt.<\/strong><\/p>\n\t\t\t\t\t\t\t\t<\/div>\n\t\t\t\t<\/div>\n\t\t\t\t<div class=\"elementor-element elementor-element-bba63eb elementor-align-center elementor-widget elementor-widget-button\" data-id=\"bba63eb\" data-element_type=\"widget\" data-e-type=\"widget\" data-widget_type=\"button.default\">\n\t\t\t\t<div class=\"elementor-widget-container\">\n\t\t\t\t\t\t\t\t\t<div class=\"elementor-button-wrapper\">\n\t\t\t\t\t<a class=\"elementor-button elementor-button-link elementor-size-sm\" href=\"https:\/\/www.uffective.com\/contact\/\">\n\t\t\t\t\t\t<span class=\"elementor-button-content-wrapper\">\n\t\t\t\t\t\t\t\t\t<span class=\"elementor-button-text\">Klicken Sie hier<\/span>\n\t\t\t\t\t<\/span>\n\t\t\t\t\t<\/a>\n\t\t\t\t<\/div>\n\t\t\t\t\t\t\t\t<\/div>\n\t\t\t\t<\/div>\n\t\t\t\t\t<\/div>\n\t\t<\/div>\n\t\t\t\t\t<\/div>\n\t\t<\/section>\n\t\t\t\t<\/div>\n\t\t","protected":false},"excerpt":{"rendered":"<p>Uffective vernetzte Multi-Cloud Unsere Kunden unternehmen gro\u00dfe Anstrengungen, um Prozesse zu digitalisieren und so die Wertsch\u00f6pfung ihres Unternehmens zu erh\u00f6hen. Immer mehr Prozesse sowie einsame und isolierte Datenbest\u00e4nde in ineffizienten Tabellenkalkulationen,lange E-Mail-Konversationen oder Ordnerstrukturen mit Freigabepunkten werden integriert, wenn sie in die Uffective Cloud Collaboration and Processing Engine \u00fcbertragen werden. &#8222;Unternehmen digitalisieren schon seit Jahren [&hellip;]<\/p>\n","protected":false},"author":1,"featured_media":0,"parent":0,"menu_order":0,"comment_status":"closed","ping_status":"closed","template":"","meta":{"content-type":"","rank_math_focus_keyword":"Multi-Cloud PPM Strategie","rank_math_description":"Uffective unterst\u00fctzt Multi-Cloud-Strategien: Flexible Infrastruktur f\u00fcr modernes IT-Portfolio Management ohne Vendor Lock-in.","rank_math_title":"Multi-Cloud Strategie f\u00fcr IT-Portfolio Management | Uffective","footnotes":""},"class_list":["post-2402","page","type-page","status-publish","hentry"],"_links":{"self":[{"href":"https:\/\/www.uffective.com\/de\/wp-json\/wp\/v2\/pages\/2402","targetHints":{"allow":["GET"]}}],"collection":[{"href":"https:\/\/www.uffective.com\/de\/wp-json\/wp\/v2\/pages"}],"about":[{"href":"https:\/\/www.uffective.com\/de\/wp-json\/wp\/v2\/types\/page"}],"author":[{"embeddable":true,"href":"https:\/\/www.uffective.com\/de\/wp-json\/wp\/v2\/users\/1"}],"replies":[{"embeddable":true,"href":"https:\/\/www.uffective.com\/de\/wp-json\/wp\/v2\/comments?post=2402"}],"version-history":[{"count":1,"href":"https:\/\/www.uffective.com\/de\/wp-json\/wp\/v2\/pages\/2402\/revisions"}],"predecessor-version":[{"id":2403,"href":"https:\/\/www.uffective.com\/de\/wp-json\/wp\/v2\/pages\/2402\/revisions\/2403"}],"wp:attachment":[{"href":"https:\/\/www.uffective.com\/de\/wp-json\/wp\/v2\/media?parent=2402"}],"curies":[{"name":"wp","href":"https:\/\/api.w.org\/{rel}","templated":true}]}}