{"id":2337,"date":"2022-11-14T15:32:13","date_gmt":"2022-11-14T14:32:13","guid":{"rendered":"https:\/\/www2.uffective.com\/?page_id=2337"},"modified":"2022-11-16T11:39:15","modified_gmt":"2022-11-16T10:39:15","slug":"impressum","status":"publish","type":"page","link":"https:\/\/www.uffective.com\/de\/impressum\/","title":{"rendered":"Impressum"},"content":{"rendered":"\t\t<div data-elementor-type=\"wp-page\" data-elementor-id=\"2337\" class=\"elementor elementor-2337\" data-elementor-post-type=\"page\">\n\t\t\t\t\t\t<section class=\"elementor-section elementor-top-section elementor-element elementor-element-d757a5a elementor-section-boxed elementor-section-height-default elementor-section-height-default\" data-id=\"d757a5a\" data-element_type=\"section\" data-e-type=\"section\">\n\t\t\t\t\t\t<div class=\"elementor-container elementor-column-gap-default\">\n\t\t\t\t\t<div class=\"elementor-column elementor-col-100 elementor-top-column elementor-element elementor-element-7816b90\" data-id=\"7816b90\" data-element_type=\"column\" data-e-type=\"column\">\n\t\t\t<div class=\"elementor-widget-wrap elementor-element-populated\">\n\t\t\t\t\t\t<div class=\"elementor-element elementor-element-aebfaa2 elementor-widget elementor-widget-text-editor\" data-id=\"aebfaa2\" data-element_type=\"widget\" data-e-type=\"widget\" data-widget_type=\"text-editor.default\">\n\t\t\t\t<div class=\"elementor-widget-container\">\n\t\t\t\t\t\t\t\t\t<p><\/p>\n<p><span data-contrast=\"none\">ECfDT b.v<\/span><span data-ccp-props=\"{&quot;201341983&quot;:0,&quot;335551550&quot;:0,&quot;335551620&quot;:0,&quot;335559739&quot;:160,&quot;335559740&quot;:259}\">&nbsp;<\/span><\/p>\n<p><span data-contrast=\"none\">Willem II Singel 2<\/span><span data-ccp-props=\"{&quot;201341983&quot;:0,&quot;335551550&quot;:0,&quot;335551620&quot;:0,&quot;335559739&quot;:160,&quot;335559740&quot;:259}\">&nbsp;<\/span><\/p>\n<p><span data-contrast=\"none\">6041 HS Roermond<\/span><span data-ccp-props=\"{&quot;201341983&quot;:0,&quot;335551550&quot;:0,&quot;335551620&quot;:0,&quot;335559739&quot;:160,&quot;335559740&quot;:259}\">&nbsp;<\/span><\/p>\n<p><span data-contrast=\"none\">E-Mail: <\/span><a href=\"mailto:marketing@uffective.com\"><span data-contrast=\"none\">marketing@uffective.com<\/span><\/a><span data-ccp-props=\"{&quot;201341983&quot;:0,&quot;335551550&quot;:0,&quot;335551620&quot;:0,&quot;335559739&quot;:160,&quot;335559740&quot;:259}\">&nbsp;<\/span><\/p>\n<p><span data-contrast=\"none\">Tel.: +491721000110<\/span><span data-ccp-props=\"{&quot;201341983&quot;:0,&quot;335551550&quot;:0,&quot;335551620&quot;:0,&quot;335559739&quot;:160,&quot;335559740&quot;:259}\">&nbsp;<\/span><\/p>\n<p><span data-contrast=\"none\">Gesch\u00e4ftsf\u00fchrer: Mark van der Pas, Markus Lause, Odo Kl\u00f6cker<\/span><\/p>\n<p><span data-contrast=\"none\">Amtsgericht: KvKnr 61954780<\/span><span data-ccp-props=\"{&quot;201341983&quot;:0,&quot;335551550&quot;:0,&quot;335551620&quot;:0,&quot;335559739&quot;:160,&quot;335559740&quot;:259}\">&nbsp;<\/span><\/p>\n<p><span data-contrast=\"none\">USt-ID-Nr: NL854565036B01<\/span><span data-ccp-props=\"{&quot;201341983&quot;:0,&quot;335551550&quot;:0,&quot;335551620&quot;:0,&quot;335559739&quot;:160,&quot;335559740&quot;:259}\">&nbsp;<\/span><\/p>\t\t\t\t\t\t\t\t<\/div>\n\t\t\t\t<\/div>\n\t\t\t\t\t<\/div>\n\t\t<\/div>\n\t\t\t\t\t<\/div>\n\t\t<\/section>\n\t\t\t\t<\/div>\n\t\t","protected":false},"excerpt":{"rendered":"<p>ECfDT b.v&nbsp; Willem II Singel 2&nbsp; 6041 HS Roermond&nbsp; E-Mail: marketing@uffective.com&nbsp; Tel.: +491721000110&nbsp; Gesch\u00e4ftsf\u00fchrer: Mark van der Pas, Markus Lause, Odo Kl\u00f6cker Amtsgericht: KvKnr 61954780&nbsp; USt-ID-Nr: NL854565036B01&nbsp;<\/p>\n","protected":false},"author":1,"featured_media":0,"parent":0,"menu_order":0,"comment_status":"closed","ping_status":"closed","template":"","meta":{"content-type":"","rank_math_focus_keyword":"","rank_math_description":"","rank_math_title":"","footnotes":""},"class_list":["post-2337","page","type-page","status-publish","hentry"],"_links":{"self":[{"href":"https:\/\/www.uffective.com\/de\/wp-json\/wp\/v2\/pages\/2337","targetHints":{"allow":["GET"]}}],"collection":[{"href":"https:\/\/www.uffective.com\/de\/wp-json\/wp\/v2\/pages"}],"about":[{"href":"https:\/\/www.uffective.com\/de\/wp-json\/wp\/v2\/types\/page"}],"author":[{"embeddable":true,"href":"https:\/\/www.uffective.com\/de\/wp-json\/wp\/v2\/users\/1"}],"replies":[{"embeddable":true,"href":"https:\/\/www.uffective.com\/de\/wp-json\/wp\/v2\/comments?post=2337"}],"version-history":[{"count":22,"href":"https:\/\/www.uffective.com\/de\/wp-json\/wp\/v2\/pages\/2337\/revisions"}],"predecessor-version":[{"id":2401,"href":"https:\/\/www.uffective.com\/de\/wp-json\/wp\/v2\/pages\/2337\/revisions\/2401"}],"wp:attachment":[{"href":"https:\/\/www.uffective.com\/de\/wp-json\/wp\/v2\/media?parent=2337"}],"curies":[{"name":"wp","href":"https:\/\/api.w.org\/{rel}","templated":true}]}}